{"id":59,"date":"2021-09-20T19:29:39","date_gmt":"2021-09-20T18:29:39","guid":{"rendered":"https:\/\/pessoas.ipcb.pt\/paulo.goncalves\/?page_id=59"},"modified":"2021-09-20T22:37:08","modified_gmt":"2021-09-20T21:37:08","slug":"education","status":"publish","type":"page","link":"https:\/\/pessoas.ipcb.pt\/paulo.goncalves\/education\/","title":{"rendered":"Education"},"content":{"rendered":"\n<h2 class=\"wp-block-heading\">PhD Degree in Mechanical Engineering &#8211; Robotics and Automation, at IST, University of Lisbon (2005)<\/h2>\n\n\n\n<p><strong>Thesis<\/strong>: <em>Visual Control of Robotic Manipulators<\/em><\/p>\n\n\n\n<p><meta charset=\"utf-8\"><strong>Supervisor<\/strong>: Jo\u00e3o R. Caldas Pinto (Associate Professor c\/ Agrega\u00e7\u00e3o @ IDMEC\/IST\/UTL) <\/p>\n\n\n\n<p><meta charset=\"utf-8\"><strong>Jury<\/strong>: Fran\u00e7ois Chaumette (Directeur de Recherche @ IRISA\/INRIA &#8211; Rennes &#8211; France)              <br>         Jos\u00e9 Santos Victor (Full Professor @ ISR\/IST\/UTL &#8211; Lisbon &#8211; Portugal)              <br>         Jo\u00e3o Figueiredo (Assistant Professor @ Univ. \u00c9vora &#8211; Portugal)   <br>         Jo\u00e3o M. Costa Sousa (Full Professor @ IDMEC\/IST\/UTL &#8211; Lisbon &#8211; Portugal)       <br>         Jos\u00e9 S\u00e1 da Costa (Full Professor @ IDMEC\/IST\/UTL &#8211; Lisbon &#8211; Portugal)          <br>         Manuel Freitas (Full Professor @ IDMEC\/IST\/UTL &#8211; Lisbon &#8211; Portugal)<\/p>\n\n\n\n<h2 class=\"wp-block-heading\">MSc Degree in Mechanical Engineering &#8211; Robotics and Automation, at IST, University of Lisbon (1998)<\/h2>\n\n\n\n<p><strong>Thesis<\/strong>: <em>Mitral Valve Contour Extraction and Measuring using Active Contour Models<\/em><\/p>\n\n\n\n<p><strong>Supervisor<\/strong>: Jo\u00e3o R. Caldas Pinto (Associate Professor c\/ Agrega\u00e7\u00e3o @ IDMEC\/IST\/UTL) <\/p>\n\n\n\n<p><strong>Jury<\/strong>: Ana Maria Mendon\u00e7a (Associate Professor @ INEB\/FEUP &#8211; Porto &#8211; Portugal)              <br>         J. Salvador Marques (Associate Professor @ ISR\/IST\/UTL &#8211; Lisbon &#8211; Portugal)             <br>         Fernando Muge (Associate Professor c\/ Agrega\u00e7\u00e3o @ CVRM\/IST\/UTL &#8211; Lisbon &#8211; Portugal)<\/p>\n\n\n\n<h2 class=\"wp-block-heading\">\u201cLicenciatura\u201d Degree in Mechanical Engineering &#8211; Robotics and Automation, at IST, <meta charset=\"utf-8\">University of Lisbon (1995)<\/h2>\n\n\n\n<p><strong>Final Project: <\/strong><em>Kinematic and Dynamic Analysis of the DORM Robot<\/em><\/p>\n\n\n\n<p><strong>Supervisor<\/strong>: Pedro Lourtie (Associate Professor @ IDMEC\/IST\/UTL &#8211; Lisbon &#8211; Portugal)<\/p>\n\n\n\n<p><\/p>\n","protected":false},"excerpt":{"rendered":"<p>PhD Degree in Mechanical Engineering &#8211; Robotics and Automation, at IST, University of Lisbon (2005) Thesis: Visual Control of Robotic Manipulators Supervisor: Jo\u00e3o R. Caldas Pinto (Associate Professor c\/ Agrega\u00e7\u00e3o @ IDMEC\/IST\/UTL) Jury: Fran\u00e7ois Chaumette (Directeur de Recherche @ IRISA\/INRIA &#8211; Rennes &#8211; France) Jos\u00e9 Santos Victor (Full Professor @&#8230;<\/p>\n<p> <a class=\"continue-reading-link\" href=\"https:\/\/pessoas.ipcb.pt\/paulo.goncalves\/education\/\"><span>Continue reading<\/span><i class=\"crycon-right-dir\"><\/i><\/a> <\/p>\n","protected":false},"author":1,"featured_media":0,"parent":0,"menu_order":0,"comment_status":"closed","ping_status":"closed","template":"","meta":{"footnotes":""},"class_list":["post-59","page","type-page","status-publish","hentry"],"_links":{"self":[{"href":"https:\/\/pessoas.ipcb.pt\/paulo.goncalves\/wp-json\/wp\/v2\/pages\/59","targetHints":{"allow":["GET"]}}],"collection":[{"href":"https:\/\/pessoas.ipcb.pt\/paulo.goncalves\/wp-json\/wp\/v2\/pages"}],"about":[{"href":"https:\/\/pessoas.ipcb.pt\/paulo.goncalves\/wp-json\/wp\/v2\/types\/page"}],"author":[{"embeddable":true,"href":"https:\/\/pessoas.ipcb.pt\/paulo.goncalves\/wp-json\/wp\/v2\/users\/1"}],"replies":[{"embeddable":true,"href":"https:\/\/pessoas.ipcb.pt\/paulo.goncalves\/wp-json\/wp\/v2\/comments?post=59"}],"version-history":[{"count":2,"href":"https:\/\/pessoas.ipcb.pt\/paulo.goncalves\/wp-json\/wp\/v2\/pages\/59\/revisions"}],"predecessor-version":[{"id":102,"href":"https:\/\/pessoas.ipcb.pt\/paulo.goncalves\/wp-json\/wp\/v2\/pages\/59\/revisions\/102"}],"wp:attachment":[{"href":"https:\/\/pessoas.ipcb.pt\/paulo.goncalves\/wp-json\/wp\/v2\/media?parent=59"}],"curies":[{"name":"wp","href":"https:\/\/api.w.org\/{rel}","templated":true}]}}