{"id":221,"date":"2024-02-21T00:30:41","date_gmt":"2024-02-21T00:30:41","guid":{"rendered":"https:\/\/pessoas.ipcb.pt\/paulo.goncalves\/?page_id=221"},"modified":"2025-06-08T00:15:00","modified_gmt":"2025-06-07T23:15:00","slug":"journal","status":"publish","type":"page","link":"https:\/\/pessoas.ipcb.pt\/paulo.goncalves\/journal\/","title":{"rendered":"Journal"},"content":{"rendered":"\n<p>Balakirsky, S., <strong>Goncalves, P.J.S.<\/strong>, Yang, L., New RAS Standards Working Groups Soliciting Broader Participation [Standards], IEEE Robotics and Automation Magazine, 31(1), pp. 119\u2013143, 2024 <a href=\"https:\/\/doi.org\/10.1109\/MRA.2024.3354014\">10.1109\/MRA.2024.3354014<\/a><\/p>\n\n\n\n<p>Michael A. Houghtaling, Sandro Rama Fiorini, Nicola Fabiano,\u00a0<strong>Paulo J. S. Gon\u00e7alves<\/strong>, Ozlem Ulgen, Tam\u00e1s Haidegger, Joel Lu\u00eds Carbonera, Joanna Isabelle Olszewska, Brian Page, Zvikomborero Murahwi, Edson Prestes. Standardizing an Ontology for Ethically Aligned Robotic and Autonomous Systems.\u00a0<em>IEEE Transactions on Systems, Man, and Cybernetics: Systems<\/em>, 2024, 54(3): 1791-1804, 2024. <a href=\"https:\/\/doi.org\/10.1109\/TSMC.2023.3330981\" target=\"_blank\" rel=\"noreferrer noopener\">10.1109\/TSMC.2023.3330981<\/a><\/p>\n\n\n\n<p><\/p>\n\n\n\n<!DOCTYPE html>\n<html>\n<body>\n<object height=\"50\" data=\"https:\/\/api.elsevier.com\/content\/abstract\/citation-count?doi=10.1109%2FTSMC.2023.3330981&#038;apiKey=6d44fca6e8e17318037a9f5dd5323278&#038;httpAccept=text\/html\"><\/object>\n<\/body>\n<\/html>\n\n\n\n<p>Bernardo, R., Sousa, J.M.C., <strong>Gon\u00e7alves, P.J.S.<\/strong>, The Use of Semantic Knowledge in Task Planning for Robotic Agents, Minimising Human Error Systems, Lecture Notes in Networks and Systems, 2024, 976 LNNS, pp. 3\u201313\u00a0<a href=\"https:\/\/doi.org\/10.1007\/978-3-031-58676-7_1\">10.1007\/978-3-031-58676-7_1<\/a><\/p>\n\n\n\n<p>Bernardo, R., Sousa, J.M.C., Botto, M.A., <strong>Gon\u00e7alves, P.J.S.<\/strong>, A Novel Control Architecture Based on Behavior Trees for an Omni-Directional Mobile Robot, Robotics, 2023, 12(6), 170\u00a0<a href=\"https:\/\/doi.org\/10.3390\/robotics12060170\">10.3390\/robotics12060170<\/a><\/p>\n\n\n\n<p>Bernardo, R., Sousa, J.M.C., <strong>Gon\u00e7alves, P.J.S.<\/strong>, A novel framework to improve motion planning of robotic systems through semantic knowledge-based reasoning, Computers and Industrial Engineering, 2023, 182, 109345\u00a0<a href=\"https:\/\/doi.org\/10.1016\/j.cie.2023.109345\">10.1016\/j.cie.2023.109345<\/a><\/p>\n\n\n\n<p>Sheikh, Z.A., Singh, Y., Singh, P.K., Gon\u00e7alves, P.J.S., Defending the Defender: Adversarial Learning Based Defending Strategy for Learning Based Security Methods in Cyber-Physical Systems (CPS), Sensors, 2023, 23(12), 5459\u00a0<a href=\"https:\/\/doi.org\/10.3390\/s23125459\">10.3390\/s23125459<\/a><\/p>\n\n\n\n<p>Pignaton de Freitas, E., Olszewska, J.I., Carbonera, J.L., \u2026Quintas, J., Li, H., Ontological concepts for information sharing in cloud robotics,Journal of Ambient Intelligence and Humanized Computing, 2023, 14(5), pp. 4921\u20134932\u00a0<a href=\"https:\/\/doi.org\/10.1007\/s12652-020-02150-4\">10.1007\/s12652-020-02150-4<\/a><\/p>\n","protected":false},"excerpt":{"rendered":"<p>Balakirsky, S., Goncalves, P.J.S., Yang, L., New RAS Standards Working Groups Soliciting Broader Participation [Standards], IEEE Robotics and Automation Magazine, 31(1), pp. 119\u2013143, 2024 10.1109\/MRA.2024.3354014 Michael A. Houghtaling, Sandro Rama Fiorini, Nicola Fabiano,\u00a0Paulo J. S. Gon\u00e7alves, Ozlem Ulgen, Tam\u00e1s Haidegger, Joel Lu\u00eds Carbonera, Joanna Isabelle Olszewska, Brian Page, Zvikomborero Murahwi,&#8230;<\/p>\n<p> <a class=\"continue-reading-link\" href=\"https:\/\/pessoas.ipcb.pt\/paulo.goncalves\/journal\/\"><span>Continue reading<\/span><i class=\"crycon-right-dir\"><\/i><\/a> <\/p>\n","protected":false},"author":1,"featured_media":0,"parent":0,"menu_order":0,"comment_status":"closed","ping_status":"closed","template":"","meta":{"footnotes":""},"class_list":["post-221","page","type-page","status-publish","hentry"],"_links":{"self":[{"href":"https:\/\/pessoas.ipcb.pt\/paulo.goncalves\/wp-json\/wp\/v2\/pages\/221","targetHints":{"allow":["GET"]}}],"collection":[{"href":"https:\/\/pessoas.ipcb.pt\/paulo.goncalves\/wp-json\/wp\/v2\/pages"}],"about":[{"href":"https:\/\/pessoas.ipcb.pt\/paulo.goncalves\/wp-json\/wp\/v2\/types\/page"}],"author":[{"embeddable":true,"href":"https:\/\/pessoas.ipcb.pt\/paulo.goncalves\/wp-json\/wp\/v2\/users\/1"}],"replies":[{"embeddable":true,"href":"https:\/\/pessoas.ipcb.pt\/paulo.goncalves\/wp-json\/wp\/v2\/comments?post=221"}],"version-history":[{"count":16,"href":"https:\/\/pessoas.ipcb.pt\/paulo.goncalves\/wp-json\/wp\/v2\/pages\/221\/revisions"}],"predecessor-version":[{"id":259,"href":"https:\/\/pessoas.ipcb.pt\/paulo.goncalves\/wp-json\/wp\/v2\/pages\/221\/revisions\/259"}],"wp:attachment":[{"href":"https:\/\/pessoas.ipcb.pt\/paulo.goncalves\/wp-json\/wp\/v2\/media?parent=221"}],"curies":[{"name":"wp","href":"https:\/\/api.w.org\/{rel}","templated":true}]}}