{"id":210,"date":"2024-02-20T23:49:42","date_gmt":"2024-02-20T23:49:42","guid":{"rendered":"https:\/\/pessoas.ipcb.pt\/paulo.goncalves\/?page_id=210"},"modified":"2024-02-21T00:53:03","modified_gmt":"2024-02-21T00:53:03","slug":"all","status":"publish","type":"page","link":"https:\/\/pessoas.ipcb.pt\/paulo.goncalves\/all\/","title":{"rendered":"All"},"content":{"rendered":"\n<div class=\"wpbibtex-item\">Michael A. Houghtaling, Sandro Rama Fiorini, Nicola Fabiano, <strong>Paulo J. S. Gon\u00e7alves<\/strong>, Ozlem Ulgen, Tam\u00e1s Haidegger, Joel Lu\u00eds Carbonera, Joanna Isabelle Olszewska, Brian Page, Zvikomborero Murahwi, Edson Prestes. Standardizing an Ontology for Ethically Aligned Robotic and Autonomous Systems. <em>IEEE Transactions on Systems, Man, and Cybernetics: Systems<\/em>, 54(3): 1791-1804, 2024.<ul class=\"inline\"><li><a href='https:\/\/doi.org\/10.1109\/TSMC.2023.3330981' target='_blank'>[Download PDF]<\/a><\/li><li><a href=\"javascript:void(0);\" class=\"wpbibtex-trigger\">[BibTeX]<\/a><\/li><\/ul><div class=\"bibtex\"><pre><code>@article{houghtaling2024standardizing,\n  title={Standardizing an Ontology for Ethically Aligned Robotic and Autonomous Systems},\n  author={Houghtaling, Michael A. and Fiorini, Sandro Rama and Fabiano, Nicola and Gon\u00e7alves, Paulo J. S.  and Ulgen, Ozlem and Haidegger, Tam\u00e1s and Carbonera, Joel Lu\u00eds and Olszewska, Joanna Isabelle and Page, Brian and Murahwi, Zvikomborero and Prestes, Edson},\n  journal={IEEE Transactions on Systems, Man, and Cybernetics: Systems},\n  year={2024},\n  volume={54},\n  number={3},\n  pages={1791-1804}\n}<\/code><\/pre><\/div><\/div>\n\n\n\n<!DOCTYPE html>\n<html>\n<body>\n<object height=\"50\" data=\"https:\/\/api.elsevier.com\/content\/abstract\/citation-count?doi=10.1109%2FTSMC.2023.3330981&#038;apiKey=6d44fca6e8e17318037a9f5dd5323278&#038;httpAccept=text\/html\"><\/object>\n<\/body>\n<\/html>\n","protected":false},"excerpt":{"rendered":"<p> <a class=\"continue-reading-link\" href=\"https:\/\/pessoas.ipcb.pt\/paulo.goncalves\/all\/\"><span>Continue reading<\/span><i class=\"crycon-right-dir\"><\/i><\/a> <\/p>\n","protected":false},"author":1,"featured_media":0,"parent":0,"menu_order":0,"comment_status":"closed","ping_status":"closed","template":"","meta":{"footnotes":""},"class_list":["post-210","page","type-page","status-publish","hentry"],"_links":{"self":[{"href":"https:\/\/pessoas.ipcb.pt\/paulo.goncalves\/wp-json\/wp\/v2\/pages\/210","targetHints":{"allow":["GET"]}}],"collection":[{"href":"https:\/\/pessoas.ipcb.pt\/paulo.goncalves\/wp-json\/wp\/v2\/pages"}],"about":[{"href":"https:\/\/pessoas.ipcb.pt\/paulo.goncalves\/wp-json\/wp\/v2\/types\/page"}],"author":[{"embeddable":true,"href":"https:\/\/pessoas.ipcb.pt\/paulo.goncalves\/wp-json\/wp\/v2\/users\/1"}],"replies":[{"embeddable":true,"href":"https:\/\/pessoas.ipcb.pt\/paulo.goncalves\/wp-json\/wp\/v2\/comments?post=210"}],"version-history":[{"count":16,"href":"https:\/\/pessoas.ipcb.pt\/paulo.goncalves\/wp-json\/wp\/v2\/pages\/210\/revisions"}],"predecessor-version":[{"id":238,"href":"https:\/\/pessoas.ipcb.pt\/paulo.goncalves\/wp-json\/wp\/v2\/pages\/210\/revisions\/238"}],"wp:attachment":[{"href":"https:\/\/pessoas.ipcb.pt\/paulo.goncalves\/wp-json\/wp\/v2\/media?parent=210"}],"curies":[{"name":"wp","href":"https:\/\/api.w.org\/{rel}","templated":true}]}}